{"id":15,"date":"2025-03-11T20:52:52","date_gmt":"2025-03-11T19:52:52","guid":{"rendered":"https:\/\/shadowacademy.fr\/?page_id=15"},"modified":"2025-09-09T13:52:33","modified_gmt":"2025-09-09T11:52:33","slug":"accueil","status":"publish","type":"page","link":"https:\/\/shadowacademy.fr\/","title":{"rendered":"Accueil"},"content":{"rendered":"\n<p class=\"has-text-align-center\"><strong>SHADOW ACADEMY<\/strong> <\/p>\n\n\n\n<p class=\"has-text-align-center\">Club de MMA \u00e0 Saint-Brice-sous-For\u00eat<\/p>\n\n\n\n<p class=\"has-text-align-center\">Bienvenue sur le site de notre Club.<br>Viens t\u2019entra\u00eener dans une ambiance conviviale et exigeante. Que tu sois d\u00e9butant ou confirm\u00e9, d\u00e9veloppe ta technique, ta force et ton mental avec nous.<\/p>\n\n\n\n<figure class=\"wp-block-image size-large\"><img loading=\"lazy\" decoding=\"async\" width=\"1024\" height=\"768\" src=\"http:\/\/shadowacademy.fr\/wp-content\/uploads\/2025\/09\/Shadow-Groupe-1024x768.jpg\" alt=\"\" class=\"wp-image-69\" srcset=\"https:\/\/shadowacademy.fr\/wp-content\/uploads\/2025\/09\/Shadow-Groupe-1024x768.jpg 1024w, https:\/\/shadowacademy.fr\/wp-content\/uploads\/2025\/09\/Shadow-Groupe-300x225.jpg 300w, https:\/\/shadowacademy.fr\/wp-content\/uploads\/2025\/09\/Shadow-Groupe-768x576.jpg 768w, https:\/\/shadowacademy.fr\/wp-content\/uploads\/2025\/09\/Shadow-Groupe-1536x1152.jpg 1536w, https:\/\/shadowacademy.fr\/wp-content\/uploads\/2025\/09\/Shadow-Groupe.jpg 2048w\" sizes=\"auto, (max-width: 1024px) 100vw, 1024px\" \/><\/figure>\n\n\n\n<figure class=\"wp-block-gallery has-nested-images columns-default is-cropped wp-block-gallery-1 is-layout-flex wp-block-gallery-is-layout-flex\">\n<figure class=\"wp-block-image size-large\"><img loading=\"lazy\" decoding=\"async\" width=\"486\" height=\"667\" data-id=\"37\" src=\"https:\/\/shadowacademy.fr\/wp-content\/uploads\/2025\/03\/coachs.jpg\" alt=\"coachs shadow academy\" class=\"wp-image-37\" srcset=\"https:\/\/shadowacademy.fr\/wp-content\/uploads\/2025\/03\/coachs.jpg 486w, https:\/\/shadowacademy.fr\/wp-content\/uploads\/2025\/03\/coachs-219x300.jpg 219w\" sizes=\"auto, (max-width: 486px) 100vw, 486px\" \/><\/figure>\n<\/figure>\n\n\n\n<p>La SHADOW ACADEMY est un Club affili\u00e9 \u00e0 la F\u00e9d\u00e9ration fran\u00e7aise de MMA : <strong>FMMAF<\/strong><\/p>\n\n\n\n<p>Au sein de notre club, vous pourrez avoir acc\u00e8s aux diff\u00e9rents passages de grades f\u00e9d\u00e9raux et aux comp\u00e9titions nationales<\/p>\n\n\n\n<figure class=\"wp-block-gallery has-nested-images columns-default is-cropped wp-block-gallery-2 is-layout-flex wp-block-gallery-is-layout-flex\">\n<figure class=\"wp-block-image size-large\"><img loading=\"lazy\" decoding=\"async\" width=\"724\" height=\"1024\" data-id=\"72\" src=\"https:\/\/shadowacademy.fr\/wp-content\/uploads\/2025\/09\/Diagramme-passage-de-grades-724x1024.webp\" alt=\"\" class=\"wp-image-72\" srcset=\"https:\/\/shadowacademy.fr\/wp-content\/uploads\/2025\/09\/Diagramme-passage-de-grades-724x1024.webp 724w, https:\/\/shadowacademy.fr\/wp-content\/uploads\/2025\/09\/Diagramme-passage-de-grades-212x300.webp 212w, https:\/\/shadowacademy.fr\/wp-content\/uploads\/2025\/09\/Diagramme-passage-de-grades-768x1086.webp 768w, https:\/\/shadowacademy.fr\/wp-content\/uploads\/2025\/09\/Diagramme-passage-de-grades-1086x1536.webp 1086w, https:\/\/shadowacademy.fr\/wp-content\/uploads\/2025\/09\/Diagramme-passage-de-grades.webp 1131w\" sizes=\"auto, (max-width: 724px) 100vw, 724px\" \/><\/figure>\n<\/figure>\n\n\n\n<figure class=\"wp-block-image size-large\"><img loading=\"lazy\" decoding=\"async\" width=\"1024\" height=\"369\" src=\"http:\/\/shadowacademy.fr\/wp-content\/uploads\/2025\/03\/logo-fmmaf-1024x369.png\" alt=\"logo-fmmaf\" class=\"wp-image-41\" srcset=\"https:\/\/shadowacademy.fr\/wp-content\/uploads\/2025\/03\/logo-fmmaf-1024x369.png 1024w, https:\/\/shadowacademy.fr\/wp-content\/uploads\/2025\/03\/logo-fmmaf-300x108.png 300w, https:\/\/shadowacademy.fr\/wp-content\/uploads\/2025\/03\/logo-fmmaf-768x277.png 768w, https:\/\/shadowacademy.fr\/wp-content\/uploads\/2025\/03\/logo-fmmaf.png 1199w\" sizes=\"auto, (max-width: 1024px) 100vw, 1024px\" \/><\/figure>\n","protected":false},"excerpt":{"rendered":"<p>SHADOW ACADEMY Club de MMA \u00e0 Saint-Brice-sous-For\u00eat Bienvenue sur le site de notre Club.Viens t\u2019entra\u00eener dans une ambiance conviviale et exigeante. Que tu sois d\u00e9butant ou confirm\u00e9, d\u00e9veloppe ta technique, ta force et ton mental avec nous. La SHADOW ACADEMY est un Club affili\u00e9 \u00e0 la F\u00e9d\u00e9ration fran\u00e7aise de MMA : FMMAF Au sein de [&hellip;]<\/p>\n","protected":false},"author":1,"featured_media":0,"parent":0,"menu_order":0,"comment_status":"closed","ping_status":"closed","template":"","meta":{"footnotes":""},"class_list":["post-15","page","type-page","status-publish","hentry"],"_links":{"self":[{"href":"https:\/\/shadowacademy.fr\/index.php\/wp-json\/wp\/v2\/pages\/15","targetHints":{"allow":["GET"]}}],"collection":[{"href":"https:\/\/shadowacademy.fr\/index.php\/wp-json\/wp\/v2\/pages"}],"about":[{"href":"https:\/\/shadowacademy.fr\/index.php\/wp-json\/wp\/v2\/types\/page"}],"author":[{"embeddable":true,"href":"https:\/\/shadowacademy.fr\/index.php\/wp-json\/wp\/v2\/users\/1"}],"replies":[{"embeddable":true,"href":"https:\/\/shadowacademy.fr\/index.php\/wp-json\/wp\/v2\/comments?post=15"}],"version-history":[{"count":7,"href":"https:\/\/shadowacademy.fr\/index.php\/wp-json\/wp\/v2\/pages\/15\/revisions"}],"predecessor-version":[{"id":121,"href":"https:\/\/shadowacademy.fr\/index.php\/wp-json\/wp\/v2\/pages\/15\/revisions\/121"}],"wp:attachment":[{"href":"https:\/\/shadowacademy.fr\/index.php\/wp-json\/wp\/v2\/media?parent=15"}],"curies":[{"name":"wp","href":"https:\/\/api.w.org\/{rel}","templated":true}]}}