{"id":36,"date":"2025-03-11T21:35:29","date_gmt":"2025-03-11T20:35:29","guid":{"rendered":"https:\/\/shadowacademy.fr\/?page_id=36"},"modified":"2025-09-09T13:52:05","modified_gmt":"2025-09-09T11:52:05","slug":"contact","status":"publish","type":"page","link":"https:\/\/shadowacademy.fr\/index.php\/contact\/","title":{"rendered":"Contact"},"content":{"rendered":"\n<p>N&rsquo;h\u00e9sitez pas \u00e0 nous contacter et \u00e0 nous suivre sur :<\/p>\n\n\n\n<div class=\"wp-block-group is-nowrap is-layout-flex wp-container-core-group-is-layout-6c531013 wp-block-group-is-layout-flex\">\n<figure class=\"wp-block-image size-full is-resized\"><img loading=\"lazy\" decoding=\"async\" width=\"474\" height=\"474\" src=\"https:\/\/shadowacademy.fr\/wp-content\/uploads\/2025\/09\/image.png\" alt=\"\" class=\"wp-image-89\" style=\"width:44px;height:auto\" srcset=\"https:\/\/shadowacademy.fr\/wp-content\/uploads\/2025\/09\/image.png 474w, https:\/\/shadowacademy.fr\/wp-content\/uploads\/2025\/09\/image-300x300.png 300w, https:\/\/shadowacademy.fr\/wp-content\/uploads\/2025\/09\/image-150x150.png 150w\" sizes=\"auto, (max-width: 474px) 100vw, 474px\" \/><\/figure>\n\n\n\n<p>  <a href=\"https:\/\/www.facebook.com\/ShadowAcademy95\">https:\/\/www.facebook.com\/ShadowAcademy95<\/a><\/p>\n<\/div>\n\n\n\n<div class=\"wp-block-group is-nowrap is-layout-flex wp-container-core-group-is-layout-6c531013 wp-block-group-is-layout-flex\">\n<figure class=\"wp-block-image size-full is-resized\"><img loading=\"lazy\" decoding=\"async\" width=\"319\" height=\"316\" src=\"https:\/\/shadowacademy.fr\/wp-content\/uploads\/2025\/09\/image-1.png\" alt=\"\" class=\"wp-image-91\" style=\"width:45px;height:auto\" srcset=\"https:\/\/shadowacademy.fr\/wp-content\/uploads\/2025\/09\/image-1.png 319w, https:\/\/shadowacademy.fr\/wp-content\/uploads\/2025\/09\/image-1-300x297.png 300w, https:\/\/shadowacademy.fr\/wp-content\/uploads\/2025\/09\/image-1-150x150.png 150w\" sizes=\"auto, (max-width: 319px) 100vw, 319px\" \/><\/figure>\n\n\n\n<p> <a href=\"https:\/\/www.instagram.com\/shadow_academy_sb?utm_source=ig_web_button_share_sheet&amp;igsh=ZDNlZDc0MzIxNw==\">https:\/\/www.instagram.com\/shadow_academy_sb<\/a><\/p>\n<\/div>\n\n\n\n<p>Samantha : 06.51.83.92.87<\/p>\n\n\n\n<p>Romano : 06.34.52.11.17 <\/p>\n\n\n\n<p>Par email : shadowacademy.sb@gmail.com<\/p>\n\n\n\n<figure class=\"wp-block-image size-large is-resized\"><img loading=\"lazy\" decoding=\"async\" width=\"1024\" height=\"369\" src=\"http:\/\/shadowacademy.fr\/wp-content\/uploads\/2025\/03\/logo-fmmaf-1024x369.png\" alt=\"logo-fmmaf\" class=\"wp-image-41\" style=\"width:471px;height:auto\" srcset=\"https:\/\/shadowacademy.fr\/wp-content\/uploads\/2025\/03\/logo-fmmaf-1024x369.png 1024w, https:\/\/shadowacademy.fr\/wp-content\/uploads\/2025\/03\/logo-fmmaf-300x108.png 300w, https:\/\/shadowacademy.fr\/wp-content\/uploads\/2025\/03\/logo-fmmaf-768x277.png 768w, https:\/\/shadowacademy.fr\/wp-content\/uploads\/2025\/03\/logo-fmmaf.png 1199w\" sizes=\"auto, (max-width: 1024px) 100vw, 1024px\" \/><\/figure>\n","protected":false},"excerpt":{"rendered":"<p>N&rsquo;h\u00e9sitez pas \u00e0 nous contacter et \u00e0 nous suivre sur : https:\/\/www.facebook.com\/ShadowAcademy95 https:\/\/www.instagram.com\/shadow_academy_sb Samantha : 06.51.83.92.87 Romano : 06.34.52.11.17 Par email : shadowacademy.sb@gmail.com<\/p>\n","protected":false},"author":1,"featured_media":0,"parent":0,"menu_order":0,"comment_status":"closed","ping_status":"closed","template":"","meta":{"footnotes":""},"class_list":["post-36","page","type-page","status-publish","hentry"],"_links":{"self":[{"href":"https:\/\/shadowacademy.fr\/index.php\/wp-json\/wp\/v2\/pages\/36","targetHints":{"allow":["GET"]}}],"collection":[{"href":"https:\/\/shadowacademy.fr\/index.php\/wp-json\/wp\/v2\/pages"}],"about":[{"href":"https:\/\/shadowacademy.fr\/index.php\/wp-json\/wp\/v2\/types\/page"}],"author":[{"embeddable":true,"href":"https:\/\/shadowacademy.fr\/index.php\/wp-json\/wp\/v2\/users\/1"}],"replies":[{"embeddable":true,"href":"https:\/\/shadowacademy.fr\/index.php\/wp-json\/wp\/v2\/comments?post=36"}],"version-history":[{"count":10,"href":"https:\/\/shadowacademy.fr\/index.php\/wp-json\/wp\/v2\/pages\/36\/revisions"}],"predecessor-version":[{"id":120,"href":"https:\/\/shadowacademy.fr\/index.php\/wp-json\/wp\/v2\/pages\/36\/revisions\/120"}],"wp:attachment":[{"href":"https:\/\/shadowacademy.fr\/index.php\/wp-json\/wp\/v2\/media?parent=36"}],"curies":[{"name":"wp","href":"https:\/\/api.w.org\/{rel}","templated":true}]}}